{"id":1949,"date":"2023-01-21T13:34:50","date_gmt":"2023-01-21T12:34:50","guid":{"rendered":"http:\/\/wpuidemos.com\/?page_id=1949"},"modified":"2023-06-07T20:16:43","modified_gmt":"2023-06-07T18:16:43","slug":"kontakt","status":"publish","type":"page","link":"https:\/\/kolasinskibau.de\/?page_id=1949","title":{"rendered":"Kontakt"},"content":{"rendered":"\t\t<div data-elementor-type=\"wp-page\" data-elementor-id=\"1949\" class=\"elementor elementor-1949\">\n\t\t\t\t\t\t<section class=\"elementor-section elementor-top-section elementor-element elementor-element-7fbe709 section-padding elementor-section-boxed elementor-section-height-default elementor-section-height-default\" data-id=\"7fbe709\" data-element_type=\"section\" data-e-type=\"section\">\n\t\t\t\t\t\t<div class=\"elementor-container elementor-column-gap-default\">\n\t\t\t\t\t<div class=\"elementor-column elementor-col-33 elementor-top-column elementor-element elementor-element-cdc7e72\" data-id=\"cdc7e72\" data-element_type=\"column\" data-e-type=\"column\">\n\t\t\t<div class=\"elementor-widget-wrap elementor-element-populated\">\n\t\t\t\t\t\t<div class=\"elementor-element elementor-element-ba36082 elementor-widget elementor-widget-contact-info\" data-id=\"ba36082\" data-element_type=\"widget\" data-e-type=\"widget\" data-widget_type=\"contact-info.default\">\n\t\t\t\t<div class=\"elementor-widget-container\">\n\t\t\t\t\t\r\n        <div class=\"contact__four-info\">\r\n            <div class=\"contact__four-info-icon\">\r\n                <img decoding=\"async\" src=\"http:\/\/wpuidemos.com\/wp-content\/uploads\/2023\/02\/locationss.png\" alt=\"No alt text\" \/>            <\/div>\r\n            <h4>Standort<\/h4>\r\n            <span>Sie sind herzlich Willkommen!<\/span>\r\n            <p>Bessemerstra\u00dfe 82 <br>\n12103 Berlin<\/p>\n        <\/div>\r\n\t\t\t\t<\/div>\n\t\t\t\t<\/div>\n\t\t\t\t\t<\/div>\n\t\t<\/div>\n\t\t\t\t<div class=\"elementor-column elementor-col-33 elementor-top-column elementor-element elementor-element-3462cc5\" data-id=\"3462cc5\" data-element_type=\"column\" data-e-type=\"column\">\n\t\t\t<div class=\"elementor-widget-wrap elementor-element-populated\">\n\t\t\t\t\t\t<div class=\"elementor-element elementor-element-979dfff elementor-widget elementor-widget-contact-info\" data-id=\"979dfff\" data-element_type=\"widget\" data-e-type=\"widget\" data-widget_type=\"contact-info.default\">\n\t\t\t\t<div class=\"elementor-widget-container\">\n\t\t\t\t\t\r\n        <div class=\"contact__four-info\">\r\n            <div class=\"contact__four-info-icon\">\r\n                <img decoding=\"async\" src=\"http:\/\/wpuidemos.com\/wp-content\/uploads\/2023\/02\/phone-call.png\" alt=\"No alt text\" \/>            <\/div>\r\n            <h4>Telefon &amp; fax<\/h4>\r\n            <span>So k\u00f6nnen Sie uns erreichen!<\/span>\r\n            <p><a href=\"tel:03075438265\">030-7543-8265<\/a><\/p>\n<p><a href=\"tel:030-75438267\">030-7543-8267<\/a><\/p>        <\/div>\r\n\t\t\t\t<\/div>\n\t\t\t\t<\/div>\n\t\t\t\t\t<\/div>\n\t\t<\/div>\n\t\t\t\t<div class=\"elementor-column elementor-col-33 elementor-top-column elementor-element elementor-element-fd027da\" data-id=\"fd027da\" data-element_type=\"column\" data-e-type=\"column\">\n\t\t\t<div class=\"elementor-widget-wrap elementor-element-populated\">\n\t\t\t\t\t\t<div class=\"elementor-element elementor-element-de390bd elementor-widget elementor-widget-contact-info\" data-id=\"de390bd\" data-element_type=\"widget\" data-e-type=\"widget\" data-widget_type=\"contact-info.default\">\n\t\t\t\t<div class=\"elementor-widget-container\">\n\t\t\t\t\t\r\n        <div class=\"contact__four-info\">\r\n            <div class=\"contact__four-info-icon\">\r\n                <img decoding=\"async\" src=\"http:\/\/wpuidemos.com\/wp-content\/uploads\/2023\/02\/emails.png\" alt=\"No alt text\" \/>            <\/div>\r\n            <h4>E-Mail<\/h4>\r\n            <span>So k\u00f6nnen Sie uns per Mail erreichen!<\/span>\r\n            <p><a href=\"mailto:info@kolasinskibau.de\">info@kolasinskibau.de<\/a><\/p>\n<p><a href=\"mailto:service@kolasinskibau.de\">\nservice@kolasinskibau.de\n<\/a><\/p>        <\/div>\r\n\t\t\t\t<\/div>\n\t\t\t\t<\/div>\n\t\t\t\t\t<\/div>\n\t\t<\/div>\n\t\t\t\t\t<\/div>\n\t\t<\/section>\n\t\t\t\t<section class=\"elementor-section elementor-top-section elementor-element elementor-element-97b3a3d elementor-section-boxed elementor-section-height-default elementor-section-height-default\" data-id=\"97b3a3d\" data-element_type=\"section\" data-e-type=\"section\">\n\t\t\t\t\t\t<div class=\"elementor-container elementor-column-gap-default\">\n\t\t\t\t\t<div class=\"elementor-column elementor-col-100 elementor-top-column elementor-element elementor-element-b2f207e\" data-id=\"b2f207e\" data-element_type=\"column\" data-e-type=\"column\">\n\t\t\t<div class=\"elementor-widget-wrap elementor-element-populated\">\n\t\t\t\t\t\t<div class=\"elementor-element elementor-element-e7d2e7f elementor-widget elementor-widget-contact-form\" data-id=\"e7d2e7f\" data-element_type=\"widget\" data-e-type=\"widget\" data-widget_type=\"contact-form.default\">\n\t\t\t\t<div class=\"elementor-widget-container\">\n\t\t\t\t\t        \r\n                    <div class=\"contact__four\">\r\n\t\t<div class=\"container\">\r\n\t\t\t<div class=\"row\">\r\n\t\t\t\t<div class=\"col-xl-12\">\r\n                    <div class=\"contact__four-form t-center\">\r\n                        <div class=\"contact__four-form-title\">\t\r\n                            <span class=\"subtitle-one\">Kontaktformular<\/span>\r\n                            <h2>Treten Sie mit uns in Kontakt<\/h2>\r\n                        <\/div>\r\n                        \n<div class=\"wpcf7 no-js\" id=\"wpcf7-f4135-o1\" lang=\"en-US\" dir=\"ltr\" data-wpcf7-id=\"4135\">\n<div class=\"screen-reader-response\"><p role=\"status\" aria-live=\"polite\" aria-atomic=\"true\"><\/p> <ul><\/ul><\/div>\n<form action=\"\/index.php?rest_route=%2Fwp%2Fv2%2Fpages%2F1949#wpcf7-f4135-o1\" method=\"post\" class=\"wpcf7-form init\" aria-label=\"Contact form\" novalidate=\"novalidate\" data-status=\"init\">\n<fieldset class=\"hidden-fields-container\"><input type=\"hidden\" name=\"_wpcf7\" value=\"4135\" \/><input type=\"hidden\" name=\"_wpcf7_version\" value=\"6.1.5\" \/><input type=\"hidden\" name=\"_wpcf7_locale\" value=\"en_US\" \/><input type=\"hidden\" name=\"_wpcf7_unit_tag\" value=\"wpcf7-f4135-o1\" \/><input type=\"hidden\" name=\"_wpcf7_container_post\" value=\"0\" \/><input type=\"hidden\" name=\"_wpcf7_posted_data_hash\" value=\"\" \/>\n<\/fieldset>\n<div class=\"row contact-form\">\n<div class=\"col-md-6 mb-20\">\n\t<span class=\"wpcf7-form-control-wrap\" data-name=\"your-name\"><input size=\"40\" maxlength=\"400\" class=\"wpcf7-form-control wpcf7-text wpcf7-validates-as-required\" aria-required=\"true\" aria-invalid=\"false\" placeholder=\"Name\" value=\"\" type=\"text\" name=\"your-name\" \/><\/span>\n<\/div>\n\n<div class=\"col-md-6 mb-20\">\n\t<span class=\"wpcf7-form-control-wrap\" data-name=\"your-email\"><input size=\"40\" maxlength=\"400\" class=\"wpcf7-form-control wpcf7-email wpcf7-validates-as-required wpcf7-text wpcf7-validates-as-email\" aria-required=\"true\" aria-invalid=\"false\" placeholder=\"Email\" value=\"\" type=\"email\" name=\"your-email\" \/><\/span>\n<\/div>\n\n<div class=\"col-md-12 mb-20\">\n\t<span class=\"wpcf7-form-control-wrap\" data-name=\"phone\"><input size=\"40\" maxlength=\"400\" class=\"wpcf7-form-control wpcf7-text wpcf7-validates-as-required\" aria-required=\"true\" aria-invalid=\"false\" placeholder=\"Phone\" value=\"\" type=\"text\" name=\"phone\" \/><\/span>\n<\/div>\n\n<div class=\"col-md-12 mb-20\">\n\t<span class=\"wpcf7-form-control-wrap\" data-name=\"subject\"><input size=\"40\" maxlength=\"400\" class=\"wpcf7-form-control wpcf7-text wpcf7-validates-as-required\" aria-required=\"true\" aria-invalid=\"false\" placeholder=\"Subject\" value=\"\" type=\"text\" name=\"subject\" \/><\/span>\n<\/div>\n\n<div class=\"col-md-12 mb-30\">\n\t<span class=\"wpcf7-form-control-wrap\" data-name=\"textarea\"><textarea cols=\"40\" rows=\"10\" maxlength=\"2000\" class=\"wpcf7-form-control wpcf7-textarea wpcf7-validates-as-required\" aria-required=\"true\" aria-invalid=\"false\" placeholder=\"Message\" name=\"textarea\"><\/textarea><\/span>\n<\/div>\n  <div class=\"col-lg-12\">\n    <div class=\"contact__page-form-item\">\n      <button class=\"btn-one\" type=\"submit\">\n        Submit<i class=\"far fa-chevron-double-right\"><\/i>\n      <\/button>\n    <\/div>\n  <\/div>\n<\/div><div class=\"wpcf7-response-output\" aria-hidden=\"true\"><\/div>\n<\/form>\n<\/div>\n                    <\/div>\r\n\t\t\t\t<\/div>\r\n\t\t\t<\/div>\r\n\t\t<\/div>\r\n\t<\/div>\r\n        \r\n\t\t\t\t<\/div>\n\t\t\t\t<\/div>\n\t\t\t\t\t<\/div>\n\t\t<\/div>\n\t\t\t\t\t<\/div>\n\t\t<\/section>\n\t\t\t\t<section class=\"elementor-section elementor-top-section elementor-element elementor-element-4323535 elementor-section-full_width elementor-section-height-default elementor-section-height-default\" data-id=\"4323535\" data-element_type=\"section\" data-e-type=\"section\">\n\t\t\t\t\t\t<div class=\"elementor-container elementor-column-gap-no\">\n\t\t\t\t\t<div class=\"elementor-column elementor-col-100 elementor-top-column elementor-element elementor-element-3054e3b\" data-id=\"3054e3b\" data-element_type=\"column\" data-e-type=\"column\">\n\t\t\t<div class=\"elementor-widget-wrap elementor-element-populated\">\n\t\t\t\t\t\t<div class=\"elementor-element elementor-element-b3525c9 elementor-widget elementor-widget-google_maps\" data-id=\"b3525c9\" data-element_type=\"widget\" data-e-type=\"widget\" data-widget_type=\"google_maps.default\">\n\t\t\t\t<div class=\"elementor-widget-container\">\n\t\t\t\t\t\t\t<div class=\"elementor-custom-embed\">\n\t\t\t<iframe loading=\"lazy\"\n\t\t\t\t\tsrc=\"https:\/\/maps.google.com\/maps?q=Bessemerstra%C3%9Fe%2082%2C%2012103%20Berlin&#038;t=m&#038;z=16&#038;output=embed&#038;iwloc=near\"\n\t\t\t\t\ttitle=\"Bessemerstra\u00dfe 82, 12103 Berlin\"\n\t\t\t\t\taria-label=\"Bessemerstra\u00dfe 82, 12103 Berlin\"\n\t\t\t><\/iframe>\n\t\t<\/div>\n\t\t\t\t\t\t<\/div>\n\t\t\t\t<\/div>\n\t\t\t\t\t<\/div>\n\t\t<\/div>\n\t\t\t\t\t<\/div>\n\t\t<\/section>\n\t\t\t\t<\/div>\n\t\t","protected":false},"excerpt":{"rendered":"<p>Standort Sie sind herzlich Willkommen! Bessemerstra\u00dfe 82 12103 Berlin Telefon &amp; fax So k\u00f6nnen Sie uns erreichen! 030-7543-8265 030-7543-8267 E-Mail So k\u00f6nnen Sie uns per Mail erreichen! info@kolasinskibau.de service@kolasinskibau.de Kontaktformular Treten Sie mit uns in Kontakt Submit<\/p>\n","protected":false},"author":1,"featured_media":0,"parent":0,"menu_order":0,"comment_status":"closed","ping_status":"closed","template":"page-builder.php","meta":{"footnotes":""},"class_list":["post-1949","page","type-page","status-publish","hentry"],"_links":{"self":[{"href":"https:\/\/kolasinskibau.de\/index.php?rest_route=\/wp\/v2\/pages\/1949","targetHints":{"allow":["GET"]}}],"collection":[{"href":"https:\/\/kolasinskibau.de\/index.php?rest_route=\/wp\/v2\/pages"}],"about":[{"href":"https:\/\/kolasinskibau.de\/index.php?rest_route=\/wp\/v2\/types\/page"}],"author":[{"embeddable":true,"href":"https:\/\/kolasinskibau.de\/index.php?rest_route=\/wp\/v2\/users\/1"}],"replies":[{"embeddable":true,"href":"https:\/\/kolasinskibau.de\/index.php?rest_route=%2Fwp%2Fv2%2Fcomments&post=1949"}],"version-history":[{"count":17,"href":"https:\/\/kolasinskibau.de\/index.php?rest_route=\/wp\/v2\/pages\/1949\/revisions"}],"predecessor-version":[{"id":4931,"href":"https:\/\/kolasinskibau.de\/index.php?rest_route=\/wp\/v2\/pages\/1949\/revisions\/4931"}],"wp:attachment":[{"href":"https:\/\/kolasinskibau.de\/index.php?rest_route=%2Fwp%2Fv2%2Fmedia&parent=1949"}],"curies":[{"name":"wp","href":"https:\/\/api.w.org\/{rel}","templated":true}]}}