{"id":4932,"date":"2023-06-07T19:53:46","date_gmt":"2023-06-07T17:53:46","guid":{"rendered":"https:\/\/559.222.myftpupload.com\/?page_id=4932"},"modified":"2023-06-07T19:55:10","modified_gmt":"2023-06-07T17:55:10","slug":"impressum","status":"publish","type":"page","link":"https:\/\/kolasinskibau.de\/?page_id=4932","title":{"rendered":"Impressum"},"content":{"rendered":"\t\t<div data-elementor-type=\"wp-page\" data-elementor-id=\"4932\" class=\"elementor elementor-4932\">\n\t\t\t\t\t\t<section class=\"elementor-section elementor-top-section elementor-element elementor-element-e6d5cb2 elementor-section-boxed elementor-section-height-default elementor-section-height-default\" data-id=\"e6d5cb2\" data-element_type=\"section\" data-e-type=\"section\">\n\t\t\t\t\t\t<div class=\"elementor-container elementor-column-gap-default\">\n\t\t\t\t\t<div class=\"elementor-column elementor-col-100 elementor-top-column elementor-element elementor-element-7b2ba7f\" data-id=\"7b2ba7f\" data-element_type=\"column\" data-e-type=\"column\">\n\t\t\t<div class=\"elementor-widget-wrap elementor-element-populated\">\n\t\t\t\t\t\t<div class=\"elementor-element elementor-element-03886df elementor-widget elementor-widget-text-editor\" data-id=\"03886df\" data-element_type=\"widget\" data-e-type=\"widget\" data-widget_type=\"text-editor.default\">\n\t\t\t\t<div class=\"elementor-widget-container\">\n\t\t\t\t\t\t\t\t\t<p><strong>Angaben gem\u00e4\u00df \u00a7 5 TMG&nbsp; &nbsp;<\/strong><br><\/p>\n<p>Adam Serafin Kolasinski<o:p><\/o:p><\/p>\n<p>Bessemerstra\u00dfe 82<o:p><\/o:p><\/p>\n<p>12103 Berlin<br><\/p>\n<p>Vertreten durch:<br>Adam Serafin Kolasinski<br><\/p>\n<p>Kontakt:<br>Telefon:<span style=\"background-color: var(--bs-body-bg); color: var(--body-color); text-align: var(--bs-body-text-align);\">030-75438265<\/span><\/p>\n<p class=\"MsoNormal\"><o:p><\/o:p><\/p>\n<p>E-Mail:&nbsp;<span style=\"background-color: var(--bs-body-bg); color: var(--body-color); text-align: var(--bs-body-text-align);\">info@kolasinskibau.de<\/span><\/p><p class=\"MsoNormal\"><o:p><\/o:p><\/p>\n<p>Haftungsausschluss:<\/p>\n<p>Datenschutz<\/p>\n<p>Die Nutzung unserer Webseite ist in der Regel ohne Angabe personenbezogener Daten m\u00f6glich. Soweit auf unseren Seiten personenbezogene Daten (beispielsweise Name, Anschrift oder eMail-Adressen) erhoben werden, erfolgt dies, soweit m\u00f6glich, stets auf freiwilliger Basis. Diese Daten werden ohne Ihre ausdr\u00fcckliche Zustimmung nicht an Dritte weitergegeben.<br>Wir weisen darauf hin, dass die Daten\u00fcbertragung im Internet (z.B. bei der Kommunikation per E-Mail) Sicherheitsl\u00fccken aufweisen kann. Ein l\u00fcckenloser Schutz der Daten vor dem Zugriff durch Dritte ist nicht m\u00f6glich.<br>Der Nutzung von im Rahmen der Impressumspflicht ver\u00f6ffentlichten Kontaktdaten durch Dritte zur \u00dcbersendung von nicht ausdr\u00fccklich angeforderter Werbung und Informationsmaterialien wird hiermit ausdr\u00fccklich widersprochen. Die Betreiber der Seiten behalten sich ausdr\u00fccklich rechtliche Schritte im Falle der unverlangten Zusendung von Werbeinformationen, etwa durch Spam-Mails, vor.<\/p>\t\t\t\t\t\t\t\t<\/div>\n\t\t\t\t<\/div>\n\t\t\t\t\t<\/div>\n\t\t<\/div>\n\t\t\t\t\t<\/div>\n\t\t<\/section>\n\t\t\t\t<\/div>\n\t\t","protected":false},"excerpt":{"rendered":"<p>Angaben gem\u00e4\u00df \u00a7 5 TMG&nbsp; &nbsp; Adam Serafin Kolasinski Bessemerstra\u00dfe 82 12103 Berlin Vertreten durch:Adam Serafin Kolasinski Kontakt:Telefon:030-75438265 E-Mail:&nbsp;info@kolasinskibau.de Haftungsausschluss: Datenschutz Die Nutzung unserer Webseite ist in der Regel ohne Angabe personenbezogener Daten m\u00f6glich. Soweit auf unseren Seiten personenbezogene Daten (beispielsweise Name, Anschrift oder eMail-Adressen) erhoben werden, erfolgt dies, soweit m\u00f6glich, stets auf freiwilliger Basis. [&hellip;]<\/p>\n","protected":false},"author":1,"featured_media":0,"parent":0,"menu_order":0,"comment_status":"closed","ping_status":"closed","template":"","meta":{"footnotes":""},"class_list":["post-4932","page","type-page","status-publish","hentry"],"_links":{"self":[{"href":"https:\/\/kolasinskibau.de\/index.php?rest_route=\/wp\/v2\/pages\/4932","targetHints":{"allow":["GET"]}}],"collection":[{"href":"https:\/\/kolasinskibau.de\/index.php?rest_route=\/wp\/v2\/pages"}],"about":[{"href":"https:\/\/kolasinskibau.de\/index.php?rest_route=\/wp\/v2\/types\/page"}],"author":[{"embeddable":true,"href":"https:\/\/kolasinskibau.de\/index.php?rest_route=\/wp\/v2\/users\/1"}],"replies":[{"embeddable":true,"href":"https:\/\/kolasinskibau.de\/index.php?rest_route=%2Fwp%2Fv2%2Fcomments&post=4932"}],"version-history":[{"count":4,"href":"https:\/\/kolasinskibau.de\/index.php?rest_route=\/wp\/v2\/pages\/4932\/revisions"}],"predecessor-version":[{"id":4936,"href":"https:\/\/kolasinskibau.de\/index.php?rest_route=\/wp\/v2\/pages\/4932\/revisions\/4936"}],"wp:attachment":[{"href":"https:\/\/kolasinskibau.de\/index.php?rest_route=%2Fwp%2Fv2%2Fmedia&parent=4932"}],"curies":[{"name":"wp","href":"https:\/\/api.w.org\/{rel}","templated":true}]}}